{"id":609,"date":"2024-08-13T13:26:52","date_gmt":"2024-08-13T13:26:52","guid":{"rendered":"https:\/\/maidplanner.com\/help\/"},"modified":"2024-08-13T15:24:34","modified_gmt":"2024-08-13T15:24:34","slug":"help","status":"publish","type":"page","link":"https:\/\/maidplanner.com\/en\/help\/","title":{"rendered":"Help"},"content":{"rendered":"<div  class='flex_column av-1cefc-d4216e8822394065e882d208dadb06cb av_one_fifth  avia-builder-el-0  el_before_av_three_fifth  avia-builder-el-first  first flex_column_div  '     ><\/div>\n<div  class='flex_column av-140hw-83899fc72f2d65e9da92011a0edc4b9c av_three_fifth  avia-builder-el-1  el_after_av_one_fifth  el_before_av_one_fifth  flex_column_div  '     ><p>\n<style type=\"text\/css\" data-created_by=\"avia_inline_auto\" id=\"style-css-av-lxbqnwdw-3bd3c1319e76117d89448fd8ba1d3e6f\">\n#top .av-special-heading.av-lxbqnwdw-3bd3c1319e76117d89448fd8ba1d3e6f{\npadding-bottom:10px;\n}\nbody .av-special-heading.av-lxbqnwdw-3bd3c1319e76117d89448fd8ba1d3e6f .av-special-heading-tag .heading-char{\nfont-size:25px;\n}\n.av-special-heading.av-lxbqnwdw-3bd3c1319e76117d89448fd8ba1d3e6f .av-subheading{\nfont-size:15px;\n}\n<\/style>\n<div  class='av-special-heading av-lxbqnwdw-3bd3c1319e76117d89448fd8ba1d3e6f av-special-heading-h1 blockquote modern-quote modern-centered  avia-builder-el-2  el_before_av_toggle_container  avia-builder-el-first '><h1 class='av-special-heading-tag'  itemprop=\"headline\"  ><b>Frequently Asked Questions<\/b> &#8211; FAQ<\/h1><div class=\"special-heading-border\"><div class=\"special-heading-inner-border\"><\/div><\/div><\/div><br \/>\n\n<style type=\"text\/css\" data-created_by=\"avia_inline_auto\" id=\"style-css-av-lxki6t6k-1224096eaba4907e9ea362b657db3d88\">\n#top .togglecontainer.av-lxki6t6k-1224096eaba4907e9ea362b657db3d88 p.toggler .toggle_icon{\ncolor:#05d168;\nborder-color:#05d168;\n}\n#top .togglecontainer.av-lxki6t6k-1224096eaba4907e9ea362b657db3d88 p.toggler .toggle_icon > span{\ncolor:#05d168;\nborder-color:#05d168;\n}\n<\/style>\n<div  class='togglecontainer av-lxki6t6k-1224096eaba4907e9ea362b657db3d88 av-elegant-toggle  avia-builder-el-3  el_after_av_heading  el_before_av_textblock  toggle_close_all'  itemscope=\"itemscope\" itemtype=\"https:\/\/schema.org\/FAQPage\" >\n<section class='av_toggle_section av-3j4myh-0646d4279ed0e85439a667bcceba4a15'  itemscope=\"itemscope\" itemprop=\"mainEntity\" itemtype=\"https:\/\/schema.org\/Question\" ><div role=\"tablist\" class=\"single_toggle\" data-tags=\"{All} \"  ><p data-fake-id='#toggle-id-1' class='toggler   '  itemprop=\"name\"  role='tab' tabindex='0' aria-controls='toggle-id-1'>Do I need to provide my credit card details to start the 14-day free trial?<span class=\"toggle_icon\"><span class=\"vert_icon\"><\/span><span class=\"hor_icon\"><\/span><\/span><\/p><div id='toggle-id-1' class='toggle_wrap  '   itemscope=\"itemscope\" itemprop=\"acceptedAnswer\" itemtype=\"https:\/\/schema.org\/Answer\" ><div class='toggle_content invers-color '  itemprop=\"text\" ><p>You don\u2019t need to provide your credit card details to start the free trial.<\/p>\n<\/div><\/div><\/div><\/section>\n<section class='av_toggle_section av-3fpkeh-202a7f618ea444daeff8d7a5d2d4ba29'  itemscope=\"itemscope\" itemprop=\"mainEntity\" itemtype=\"https:\/\/schema.org\/Question\" ><div role=\"tablist\" class=\"single_toggle\" data-tags=\"{All} \"  ><p data-fake-id='#toggle-id-2' class='toggler   '  itemprop=\"name\"  role='tab' tabindex='0' aria-controls='toggle-id-2'>What happens after my trial period expires?<span class=\"toggle_icon\"><span class=\"vert_icon\"><\/span><span class=\"hor_icon\"><\/span><\/span><\/p><div id='toggle-id-2' class='toggle_wrap  '   itemscope=\"itemscope\" itemprop=\"acceptedAnswer\" itemtype=\"https:\/\/schema.org\/Answer\" ><div class='toggle_content invers-color '  itemprop=\"text\" ><p><span style=\"color: black;\">When your trial period is nearing its end, we will send a reminder to enter your billing information to ensure uninterrupted access to the system. If your trial period expires before you enter your details, don\u2019t worry. You can still enter your details by accessing your account settings.<\/span><\/p>\n<\/div><\/div><\/div><\/section>\n<section class='av_toggle_section av-3azj9d-074982173b2baab54a6b5883f6135b63'  itemscope=\"itemscope\" itemprop=\"mainEntity\" itemtype=\"https:\/\/schema.org\/Question\" ><div role=\"tablist\" class=\"single_toggle\" data-tags=\"{All} \"  ><p data-fake-id='#toggle-id-3' class='toggler   '  itemprop=\"name\"  role='tab' tabindex='0' aria-controls='toggle-id-3'>Does Maid Planner have a mobile app?<span class=\"toggle_icon\"><span class=\"vert_icon\"><\/span><span class=\"hor_icon\"><\/span><\/span><\/p><div id='toggle-id-3' class='toggle_wrap  '   itemscope=\"itemscope\" itemprop=\"acceptedAnswer\" itemtype=\"https:\/\/schema.org\/Answer\" ><div class='toggle_content invers-color '  itemprop=\"text\" ><p><span style=\"color: black;\">Yes, Maid Planner has a mobile app available for download on the Apple App Store and Android. Discover the freedom to manage your business wherever you are with our app. Download it now from your app store.<\/span><\/p>\n<\/div><\/div><\/div><\/section>\n<section class='av_toggle_section av-34pyw1-cc30a858c776ff4d91798f253a23b6f9'  itemscope=\"itemscope\" itemprop=\"mainEntity\" itemtype=\"https:\/\/schema.org\/Question\" ><div role=\"tablist\" class=\"single_toggle\" data-tags=\"{All} \"  ><p data-fake-id='#toggle-id-4' class='toggler   '  itemprop=\"name\"  role='tab' tabindex='0' aria-controls='toggle-id-4'>How do I change my billing information?<span class=\"toggle_icon\"><span class=\"vert_icon\"><\/span><span class=\"hor_icon\"><\/span><\/span><\/p><div id='toggle-id-4' class='toggle_wrap  '   itemscope=\"itemscope\" itemprop=\"acceptedAnswer\" itemtype=\"https:\/\/schema.org\/Answer\" ><div class='toggle_content invers-color '  itemprop=\"text\" ><p><span style=\"color: black;\">To change your billing information, simply go to your account settings and edit the information under \u201cbilling.\u201d<\/span><\/p>\n<\/div><\/div><\/div><\/section>\n<section class='av_toggle_section av-2yfmqp-d50660a821e06feb2f8f3c2d046cc1a9'  itemscope=\"itemscope\" itemprop=\"mainEntity\" itemtype=\"https:\/\/schema.org\/Question\" ><div role=\"tablist\" class=\"single_toggle\" data-tags=\"{All} \"  ><p data-fake-id='#toggle-id-5' class='toggler   '  itemprop=\"name\"  role='tab' tabindex='0' aria-controls='toggle-id-5'>Is there any training required to use the system?<span class=\"toggle_icon\"><span class=\"vert_icon\"><\/span><span class=\"hor_icon\"><\/span><\/span><\/p><div id='toggle-id-5' class='toggle_wrap  '   itemscope=\"itemscope\" itemprop=\"acceptedAnswer\" itemtype=\"https:\/\/schema.org\/Answer\" ><div class='toggle_content invers-color '  itemprop=\"text\" ><p><span style=\"color: black;\">The system is very intuitive and easy to use, requiring no training. You can watch tutorial videos here. Additionally, our team is available to answer any questions via our chat or email<span class=\"apple-converted-space\">\u00a0<\/span>support@maidplanner.com.<\/span><\/p>\n<\/div><\/div><\/div><\/section>\n<section class='av_toggle_section av-2sa1w1-c941483ceab29ce007e358def4ac8ef4'  itemscope=\"itemscope\" itemprop=\"mainEntity\" itemtype=\"https:\/\/schema.org\/Question\" ><div role=\"tablist\" class=\"single_toggle\" data-tags=\"{All} \"  ><p data-fake-id='#toggle-id-6' class='toggler   '  itemprop=\"name\"  role='tab' tabindex='0' aria-controls='toggle-id-6'>How does my client\u2019s login work?<span class=\"toggle_icon\"><span class=\"vert_icon\"><\/span><span class=\"hor_icon\"><\/span><\/span><\/p><div id='toggle-id-6' class='toggle_wrap  '   itemscope=\"itemscope\" itemprop=\"acceptedAnswer\" itemtype=\"https:\/\/schema.org\/Answer\" ><div class='toggle_content invers-color '  itemprop=\"text\" ><p><span style=\"color: black;\">When a booking is made, your client gets an account with login credentials they set. With this data, they have full autonomy, being able to update bookings, add new ones, among other services.<\/span><\/p>\n<\/div><\/div><\/div><\/section>\n<section class='av_toggle_section av-2ikd5l-b893c71d2fddb6e8dca1af3f350763f1'  itemscope=\"itemscope\" itemprop=\"mainEntity\" itemtype=\"https:\/\/schema.org\/Question\" ><div role=\"tablist\" class=\"single_toggle\" data-tags=\"{All} \"  ><p data-fake-id='#toggle-id-7' class='toggler   '  itemprop=\"name\"  role='tab' tabindex='0' aria-controls='toggle-id-7'>Can I import my client database from Excel files or other management systems previously used by my cleaning company?<span class=\"toggle_icon\"><span class=\"vert_icon\"><\/span><span class=\"hor_icon\"><\/span><\/span><\/p><div id='toggle-id-7' class='toggle_wrap  '   itemscope=\"itemscope\" itemprop=\"acceptedAnswer\" itemtype=\"https:\/\/schema.org\/Answer\" ><div class='toggle_content invers-color '  itemprop=\"text\" ><p><span style=\"color: black;\">Yes, you can easily import all your client data into the Maid Planner system through Excel files.<\/span><\/p>\n<\/div><\/div><\/div><\/section>\n<section class='av_toggle_section av-2e2ssp-07f4b1a1f6ee517d223a1e6a982d295f'  itemscope=\"itemscope\" itemprop=\"mainEntity\" itemtype=\"https:\/\/schema.org\/Question\" ><div role=\"tablist\" class=\"single_toggle\" data-tags=\"{All} \"  ><p data-fake-id='#toggle-id-8' class='toggler   '  itemprop=\"name\"  role='tab' tabindex='0' aria-controls='toggle-id-8'>Does Maid Planner offer integration with banking systems to automatically pay cleaners?<span class=\"toggle_icon\"><span class=\"vert_icon\"><\/span><span class=\"hor_icon\"><\/span><\/span><\/p><div id='toggle-id-8' class='toggle_wrap  '   itemscope=\"itemscope\" itemprop=\"acceptedAnswer\" itemtype=\"https:\/\/schema.org\/Answer\" ><div class='toggle_content invers-color '  itemprop=\"text\" ><p><span style=\"color: black;\">Response pending<\/span><\/p>\n<\/div><\/div><\/div><\/section>\n<section class='av_toggle_section av-7w6ep-6aa2aeef2f4abb256a2c289a57e31051'  itemscope=\"itemscope\" itemprop=\"mainEntity\" itemtype=\"https:\/\/schema.org\/Question\" ><div role=\"tablist\" class=\"single_toggle\" data-tags=\"{All} \"  ><p data-fake-id='#toggle-id-9' class='toggler   '  itemprop=\"name\"  role='tab' tabindex='0' aria-controls='toggle-id-9'>O Maid Planner consegue calcular e demonstrar o valor a ser pago a cada cleaner no fechamento semanal do meu payroll?<span class=\"toggle_icon\"><span class=\"vert_icon\"><\/span><span class=\"hor_icon\"><\/span><\/span><\/p><div id='toggle-id-9' class='toggle_wrap  '   itemscope=\"itemscope\" itemprop=\"acceptedAnswer\" itemtype=\"https:\/\/schema.org\/Answer\" ><div class='toggle_content invers-color '  itemprop=\"text\" ><p>Sim, nosso sistema calcular\u00e1 de forma autom\u00e1tica e eficiente o valor que cada <em>cleanner<\/em> deve receber.<\/p>\n<\/div><\/div><\/div><\/section>\n<section class='av_toggle_section av-7h6a9-c5ca91bf34946cfb14167aa84d34f845'  itemscope=\"itemscope\" itemprop=\"mainEntity\" itemtype=\"https:\/\/schema.org\/Question\" ><div role=\"tablist\" class=\"single_toggle\" data-tags=\"{All} \"  ><p data-fake-id='#toggle-id-10' class='toggler   '  itemprop=\"name\"  role='tab' tabindex='0' aria-controls='toggle-id-10'>O Maid Planner oferece integra\u00e7\u00e3o com sistemas banc\u00e1rios para efetuar o pagamento das cleaners de forma autom\u00e1tica?<span class=\"toggle_icon\"><span class=\"vert_icon\"><\/span><span class=\"hor_icon\"><\/span><\/span><\/p><div id='toggle-id-10' class='toggle_wrap  '   itemscope=\"itemscope\" itemprop=\"acceptedAnswer\" itemtype=\"https:\/\/schema.org\/Answer\" ><div class='toggle_content invers-color '  itemprop=\"text\" ><p>RESPOSTA PENDENTE.<\/p>\n<\/div><\/div><\/div><\/section>\n<section class='av_toggle_section av-1v0mmx-e3a8a3d53a0586f43e9f7b42a00b53c3'  itemscope=\"itemscope\" itemprop=\"mainEntity\" itemtype=\"https:\/\/schema.org\/Question\" ><div role=\"tablist\" class=\"single_toggle\" data-tags=\"{All} \"  ><p data-fake-id='#toggle-id-11' class='toggler   '  itemprop=\"name\"  role='tab' tabindex='0' aria-controls='toggle-id-11'>How does Maid Planner optimize route and mileage calculations to ensure efficient and economical management of cleaning operations?<span class=\"toggle_icon\"><span class=\"vert_icon\"><\/span><span class=\"hor_icon\"><\/span><\/span><\/p><div id='toggle-id-11' class='toggle_wrap  '   itemscope=\"itemscope\" itemprop=\"acceptedAnswer\" itemtype=\"https:\/\/schema.org\/Answer\" ><div class='toggle_content invers-color '  itemprop=\"text\" ><p><span style=\"color: black;\">Through integration with Google Maps, Maid Planner optimizes route calculations by considering distance and the most efficient path based on traffic, helping you and your team make the best decisions, saving time and resources.<\/span><\/p>\n<\/div><\/div><\/div><\/section>\n<section class='av_toggle_section av-1sbsix-4efdcc028dcdc20ee461e918109c1430'  itemscope=\"itemscope\" itemprop=\"mainEntity\" itemtype=\"https:\/\/schema.org\/Question\" ><div role=\"tablist\" class=\"single_toggle\" data-tags=\"{All} \"  ><p data-fake-id='#toggle-id-12' class='toggler   '  itemprop=\"name\"  role='tab' tabindex='0' aria-controls='toggle-id-12'>Can Maid Planner generate an estimate of miles traveled by teams or cleaners during their cleaning operations?<span class=\"toggle_icon\"><span class=\"vert_icon\"><\/span><span class=\"hor_icon\"><\/span><\/span><\/p><div id='toggle-id-12' class='toggle_wrap  '   itemscope=\"itemscope\" itemprop=\"acceptedAnswer\" itemtype=\"https:\/\/schema.org\/Answer\" ><div class='toggle_content invers-color '  itemprop=\"text\" ><p><span style=\"color: black;\">Response pending<\/span><\/p>\n<\/div><\/div><\/div><\/section>\n<section class='av_toggle_section av-1l9yep-3d6849d12307cd5cb73b9aed1e460e4d'  itemscope=\"itemscope\" itemprop=\"mainEntity\" itemtype=\"https:\/\/schema.org\/Question\" ><div role=\"tablist\" class=\"single_toggle\" data-tags=\"{All} \"  ><p data-fake-id='#toggle-id-13' class='toggler   '  itemprop=\"name\"  role='tab' tabindex='0' aria-controls='toggle-id-13'>What is a lead?<span class=\"toggle_icon\"><span class=\"vert_icon\"><\/span><span class=\"hor_icon\"><\/span><\/span><\/p><div id='toggle-id-13' class='toggle_wrap  '   itemscope=\"itemscope\" itemprop=\"acceptedAnswer\" itemtype=\"https:\/\/schema.org\/Answer\" ><div class='toggle_content invers-color '  itemprop=\"text\" ><p><span style=\"color: black;\">A lead is a person who may be interested in the service you offer, potentially becoming a client in the near future.<\/span><\/p>\n<\/div><\/div><\/div><\/section>\n<section class='av_toggle_section av-1harbd-609e9b77dfa03278f7ddf64960a9612e'  itemscope=\"itemscope\" itemprop=\"mainEntity\" itemtype=\"https:\/\/schema.org\/Question\" ><div role=\"tablist\" class=\"single_toggle\" data-tags=\"{All} \"  ><p data-fake-id='#toggle-id-14' class='toggler   '  itemprop=\"name\"  role='tab' tabindex='0' aria-controls='toggle-id-14'>What is the difference between a lead and a client?<span class=\"toggle_icon\"><span class=\"vert_icon\"><\/span><span class=\"hor_icon\"><\/span><\/span><\/p><div id='toggle-id-14' class='toggle_wrap  '   itemscope=\"itemscope\" itemprop=\"acceptedAnswer\" itemtype=\"https:\/\/schema.org\/Answer\" ><div class='toggle_content invers-color '  itemprop=\"text\" ><p><span style=\"color: black;\">While a client already knows the service you offer and has worked with you, a lead has not yet experienced your work but shows potential interest in the service you offer and has a great chance of becoming your client as well.<\/span><\/p>\n<\/div><\/div><\/div><\/section>\n<section class='av_toggle_section av-1bhb6x-5eb3b1091deb4bc9504fe65ee35ccc9d'  itemscope=\"itemscope\" itemprop=\"mainEntity\" itemtype=\"https:\/\/schema.org\/Question\" ><div role=\"tablist\" class=\"single_toggle\" data-tags=\"{All} \"  ><p data-fake-id='#toggle-id-15' class='toggler   '  itemprop=\"name\"  role='tab' tabindex='0' aria-controls='toggle-id-15'>Can I send invoices to my client through Maid Planner?<span class=\"toggle_icon\"><span class=\"vert_icon\"><\/span><span class=\"hor_icon\"><\/span><\/span><\/p><div id='toggle-id-15' class='toggle_wrap  '   itemscope=\"itemscope\" itemprop=\"acceptedAnswer\" itemtype=\"https:\/\/schema.org\/Answer\" ><div class='toggle_content invers-color '  itemprop=\"text\" ><p><span style=\"color: black;\">Yes, our billing is automatic, with invoices sent to your clients quickly and effortlessly.<\/span><\/p>\n<\/div><\/div><\/div><\/section>\n<section class='av_toggle_section av-1314kp-f088729ace30a40d070d93c88c60f4b6'  itemscope=\"itemscope\" itemprop=\"mainEntity\" itemtype=\"https:\/\/schema.org\/Question\" ><div role=\"tablist\" class=\"single_toggle\" data-tags=\"{All} \"  ><p data-fake-id='#toggle-id-16' class='toggler   '  itemprop=\"name\"  role='tab' tabindex='0' aria-controls='toggle-id-16'>Can I send SMS notifications about service status updates through Maid Planner?<span class=\"toggle_icon\"><span class=\"vert_icon\"><\/span><span class=\"hor_icon\"><\/span><\/span><\/p><div id='toggle-id-16' class='toggle_wrap  '   itemscope=\"itemscope\" itemprop=\"acceptedAnswer\" itemtype=\"https:\/\/schema.org\/Answer\" ><div class='toggle_content invers-color '  itemprop=\"text\" ><p><span style=\"color: black;\">Response pending<\/span><\/p>\n<\/div><\/div><\/div><\/section>\n<section class='av_toggle_section av-uhpg1-3db9f2ea2229f7114c0face24b118d01'  itemscope=\"itemscope\" itemprop=\"mainEntity\" itemtype=\"https:\/\/schema.org\/Question\" ><div role=\"tablist\" class=\"single_toggle\" data-tags=\"{All} \"  ><p data-fake-id='#toggle-id-17' class='toggler   '  itemprop=\"name\"  role='tab' tabindex='0' aria-controls='toggle-id-17'>Can I exchange SMS messages with my client through the system?<span class=\"toggle_icon\"><span class=\"vert_icon\"><\/span><span class=\"hor_icon\"><\/span><\/span><\/p><div id='toggle-id-17' class='toggle_wrap  '   itemscope=\"itemscope\" itemprop=\"acceptedAnswer\" itemtype=\"https:\/\/schema.org\/Answer\" ><div class='toggle_content invers-color '  itemprop=\"text\" ><p><span style=\"color: black;\">Response pending<\/span><\/p>\n<\/div><\/div><\/div><\/section>\n<section class='av_toggle_section av-sijpt-ea8fa1658e2f2b074cfa06fcbe10b08e'  itemscope=\"itemscope\" itemprop=\"mainEntity\" itemtype=\"https:\/\/schema.org\/Question\" ><div role=\"tablist\" class=\"single_toggle\" data-tags=\"{All} \"  ><p data-fake-id='#toggle-id-18' class='toggler   '  itemprop=\"name\"  role='tab' tabindex='0' aria-controls='toggle-id-18'>Does Maid Planner automatically send a review request to my client after service completion?<span class=\"toggle_icon\"><span class=\"vert_icon\"><\/span><span class=\"hor_icon\"><\/span><\/span><\/p><div id='toggle-id-18' class='toggle_wrap  '   itemscope=\"itemscope\" itemprop=\"acceptedAnswer\" itemtype=\"https:\/\/schema.org\/Answer\" ><div class='toggle_content invers-color '  itemprop=\"text\" ><p><span style=\"color: black;\">Yes! Through an internal evaluation tool, at the end of each completed service, your client receives a review request so you can assess your team\u2019s quality and performance with every visit.<\/span><\/p>\n<\/div><\/div><\/div><\/section>\n<section class='av_toggle_section av-ns689-8d4fcc1bc360bbfc9c891ed46b50ce23'  itemscope=\"itemscope\" itemprop=\"mainEntity\" itemtype=\"https:\/\/schema.org\/Question\" ><div role=\"tablist\" class=\"single_toggle\" data-tags=\"{All} \"  ><p data-fake-id='#toggle-id-19' class='toggler   '  itemprop=\"name\"  role='tab' tabindex='0' aria-controls='toggle-id-19'>Does Maid Planner calculate a suggested price for cleaning based on the house information?<span class=\"toggle_icon\"><span class=\"vert_icon\"><\/span><span class=\"hor_icon\"><\/span><\/span><\/p><div id='toggle-id-19' class='toggle_wrap  '   itemscope=\"itemscope\" itemprop=\"acceptedAnswer\" itemtype=\"https:\/\/schema.org\/Answer\" ><div class='toggle_content invers-color '  itemprop=\"text\" ><p><span style=\"color: black;\">Yes! Maid Planner creates detailed and accurate quotes for clients, considering variables such as property size, type of service, and specific needs.<\/span><\/p>\n<\/div><\/div><\/div><\/section>\n<section class='av_toggle_section av-db3dt-4e828c20371357cd1275a64b58fbffba'  itemscope=\"itemscope\" itemprop=\"mainEntity\" itemtype=\"https:\/\/schema.org\/Question\" ><div role=\"tablist\" class=\"single_toggle\" data-tags=\"{All} \"  ><p data-fake-id='#toggle-id-20' class='toggler   '  itemprop=\"name\"  role='tab' tabindex='0' aria-controls='toggle-id-20'>Does Maid Planner automatically pull house information from the internet?<span class=\"toggle_icon\"><span class=\"vert_icon\"><\/span><span class=\"hor_icon\"><\/span><\/span><\/p><div id='toggle-id-20' class='toggle_wrap  '   itemscope=\"itemscope\" itemprop=\"acceptedAnswer\" itemtype=\"https:\/\/schema.org\/Answer\" ><div class='toggle_content invers-color '  itemprop=\"text\" ><p><span style=\"color: black;\">Response pending<\/span><\/p>\n<\/div><\/div><\/div><\/section>\n<section class='av_toggle_section av-77q09-7a96c5952edd310d4ed3e638634aa605'  itemscope=\"itemscope\" itemprop=\"mainEntity\" itemtype=\"https:\/\/schema.org\/Question\" ><div role=\"tablist\" class=\"single_toggle\" data-tags=\"{All} \"  ><p data-fake-id='#toggle-id-21' class='toggler   '  itemprop=\"name\"  role='tab' tabindex='0' aria-controls='toggle-id-21'>What types of cleaning does Maid Planner work with?<span class=\"toggle_icon\"><span class=\"vert_icon\"><\/span><span class=\"hor_icon\"><\/span><\/span><\/p><div id='toggle-id-21' class='toggle_wrap  '   itemscope=\"itemscope\" itemprop=\"acceptedAnswer\" itemtype=\"https:\/\/schema.org\/Answer\" ><div class='toggle_content invers-color '  itemprop=\"text\" ><p><span style=\"color: black;\">Response pending<\/span><\/p>\n<\/div><\/div><\/div><\/section>\n<\/div><br \/>\n\n<style type=\"text\/css\" data-created_by=\"avia_inline_auto\" id=\"style-css-av-lxbqeyet-7f8feeb8b6a4562e45901d3a008ad484\">\n#top .av_textblock_section.av-lxbqeyet-7f8feeb8b6a4562e45901d3a008ad484 .avia_textblock{\ntext-align:center;\n}\n<\/style>\n<section  class='av_textblock_section av-lxbqeyet-7f8feeb8b6a4562e45901d3a008ad484 '   itemscope=\"itemscope\" itemtype=\"https:\/\/schema.org\/CreativeWork\" ><div class='avia_textblock'  itemprop=\"text\" ><p>Ainda tem perguntas? Entre em contato com o nosso time atrav\u00e9s do e-mail <a href=\"mailto:suport@maidplanner.com\">suport@maidplanner.com<\/a><\/p>\n<\/div><\/section><\/p><\/div><div  class='flex_column av-vwzg-7474854b55472a8de3f977430ab4af16 av_one_fifth  avia-builder-el-5  el_after_av_three_fifth  avia-builder-el-last  flex_column_div  '     ><\/div><\/p>\n","protected":false},"excerpt":{"rendered":"","protected":false},"author":1,"featured_media":0,"parent":0,"menu_order":0,"comment_status":"closed","ping_status":"closed","template":"","meta":{"footnotes":""},"class_list":["post-609","page","type-page","status-publish","hentry"],"_links":{"self":[{"href":"https:\/\/maidplanner.com\/en\/wp-json\/wp\/v2\/pages\/609","targetHints":{"allow":["GET"]}}],"collection":[{"href":"https:\/\/maidplanner.com\/en\/wp-json\/wp\/v2\/pages"}],"about":[{"href":"https:\/\/maidplanner.com\/en\/wp-json\/wp\/v2\/types\/page"}],"author":[{"embeddable":true,"href":"https:\/\/maidplanner.com\/en\/wp-json\/wp\/v2\/users\/1"}],"replies":[{"embeddable":true,"href":"https:\/\/maidplanner.com\/en\/wp-json\/wp\/v2\/comments?post=609"}],"version-history":[{"count":3,"href":"https:\/\/maidplanner.com\/en\/wp-json\/wp\/v2\/pages\/609\/revisions"}],"predecessor-version":[{"id":639,"href":"https:\/\/maidplanner.com\/en\/wp-json\/wp\/v2\/pages\/609\/revisions\/639"}],"wp:attachment":[{"href":"https:\/\/maidplanner.com\/en\/wp-json\/wp\/v2\/media?parent=609"}],"curies":[{"name":"wp","href":"https:\/\/api.w.org\/{rel}","templated":true}]}}